{"id":6359,"date":"2018-09-26T15:58:05","date_gmt":"2018-09-26T19:58:05","guid":{"rendered":"http:\/\/nekson.co\/?page_id=6359"},"modified":"2022-05-16T03:35:11","modified_gmt":"2022-05-16T07:35:11","slug":"kontakt","status":"publish","type":"page","link":"https:\/\/www.nekson.co\/da\/kontakt\/","title":{"rendered":"Kontakt"},"content":{"rendered":"<div  class=\"tatsu-ry-FVl3vHQ tatsu-section  tatsu-bg-overlay   tatsu-clearfix\" data-title=\"\"  data-headerscheme=\"background--dark\"><div class='tatsu-section-pad clearfix' data-padding='{\"d\":\"40px 0px 40px 0px \"}' data-padding-top='40px'><div class=\"tatsu-row-wrap  tatsu-wrap tatsu-row-one-col tatsu-row-has-one-cols tatsu-medium-gutter tatsu-reg-cols  tatsu-clearfix tatsu-H1gKEx3wrX\" ><div  class=\"tatsu-row \" ><div  class=\"tatsu-column  tatsu-column-no-bg tatsu-one-col tatsu-column-image-none tatsu-column-effect-none  tatsu-rJF4g3DrX\"  data-parallax-speed=\"0\" style=\"\"><div class=\"tatsu-column-inner \" ><div class=\"tatsu-column-pad-wrap\"><div class=\"tatsu-column-pad\" ><div  class=\"tatsu-module tatsu-text-block-wrap tatsu-ByZSlhwBX  \"><div class=\"tatsu-text-inner tatsu-align-center  clearfix\" ><style>.tatsu-ByZSlhwBX.tatsu-text-block-wrap .tatsu-text-inner{width: 100%;text-align: left;}<\/style>\n<h6 style=\"text-align: center;\">KONTAKT NEKSON<\/h6>\n<h2 style=\"text-align: center;\">Du h\u00f8rer fra os i mindre end 24 timer<\/h2>\n<\/div><\/div><\/div><\/div><div class = \"tatsu-column-bg-image-wrap\"><div class = \"tatsu-column-bg-image\" ><\/div><\/div><\/div><style>.tatsu-row > .tatsu-rJF4g3DrX.tatsu-column{width: 100%;}.tatsu-rJF4g3DrX.tatsu-column > .tatsu-column-inner > .tatsu-column-overlay{mix-blend-mode: none;}.tatsu-rJF4g3DrX > .tatsu-column-inner > .tatsu-top-divider{z-index: 9999;}.tatsu-rJF4g3DrX > .tatsu-column-inner > .tatsu-bottom-divider{z-index: 9999;}.tatsu-rJF4g3DrX > .tatsu-column-inner > .tatsu-left-divider{z-index: 9999;}.tatsu-rJF4g3DrX > .tatsu-column-inner > .tatsu-right-divider{z-index: 9999;}<\/style><\/div><\/div><\/div><\/div><div class=\"tatsu-section-background-wrap\"><div class = \"tatsu-section-background\" ><\/div><\/div><div class=\"tatsu-overlay tatsu-section-overlay\"><\/div><style>.tatsu-ry-FVl3vHQ.tatsu-section{background-color: rgba(250,250,250,1);}.tatsu-ry-FVl3vHQ .tatsu-section-background{background-image: url(http:\/\/nekson.co\/wp-content\/uploads\/2016\/12\/illustration2.jpg);background-repeat: repeat;background-attachment: scroll;background-position: center center;background-size: cover;}.tatsu-ry-FVl3vHQ .tatsu-bg-blur{background-repeat: repeat;background-attachment: scroll;background-position: center center;background-size: cover;}.tatsu-ry-FVl3vHQ .tatsu-section-pad{padding: 40px 0px 40px 0px ;}.tatsu-ry-FVl3vHQ > .tatsu-bottom-divider{z-index: 9999;}.tatsu-ry-FVl3vHQ > .tatsu-top-divider{z-index: 9999;}.tatsu-ry-FVl3vHQ .tatsu-section-overlay{background: rgba(255,255,255,0.97);mix-blend-mode: normal;}<\/style><\/div><div id=\"contact\" class=\"tatsu-fqwe685tbxf9ufbh tatsu-section    tatsu-clearfix\" data-title=\"Contact\"  data-headerscheme=\"background--dark\"><div class='tatsu-section-pad clearfix' data-padding='{\"d\":\"90px 0% 90px 0%\",\"m\":\"30px 0% 90px 0% \"}' data-padding-top='30px'><div class=\"tatsu-row-wrap  tatsu-wrap tatsu-row-has-one-half tatsu-row-has-three-cols tatsu-medium-gutter tatsu-reg-cols  tatsu-clearfix tatsu-fqwe685tce6n2tqh\" ><div  class=\"tatsu-row \" ><div  class=\"tatsu-column  tatsu-column-no-bg tatsu-one-half tatsu-column-image-none tatsu-column-effect-none  tatsu-fqwe685tcp6j2bta\"  data-parallax-speed=\"0\" style=\"\"><div class=\"tatsu-column-inner \" ><div class=\"tatsu-column-pad-wrap\"><div class=\"tatsu-column-pad\" ><div  class=\"tatsu-module tatsu-text-block-wrap tatsu-fqwe685td76ibs4z  \"><div class=\"tatsu-text-inner tatsu-align-center  clearfix\" ><style>.tatsu-fqwe685td76ibs4z.tatsu-text-block-wrap .tatsu-text-inner{text-align: left;}<\/style>\n<h6>Skriv til os<\/h6>\n<p>Udfyld nedenst\u00e5ende formular med eventuelle sp\u00f8rgsm\u00e5l, du m\u00e5tte have, og vi vil vende tilbage til dig inden for 24 timer.<\/p>\n<\/div><\/div><div  class=\"contact_form contact_form_module oshine-module style2 style1-input tatsu-fqwe685tfbecg1kn   \"  data-consent-error = \"Please check the consent box, in order for us to process this form\">\r\n\t\t\t\t\t\t<form method=\"post\" class=\"contact\">\r\n\t\t\t\t\t\t\t<fieldset class=\"field_name contact_fieldset\">\r\n\t\t\t\t\t\t\t\t<input type=\"text\" name=\"contact_name\" class=\"txt autoclear\" placeholder=\"Name\" style=\"border-width:px\" \/>\r\n\t\t\t\t\t\t\t<\/fieldset>\r\n\t\t\t\t\t\t\t<fieldset class=\"field_email contact_fieldset\">\r\n\t\t\t\t\t\t\t\t<input type=\"text\" name=\"contact_email\" class=\"txt autoclear\" placeholder=\"Email\" style=\"border-width:px\" \/>\r\n\t\t\t\t\t\t\t<\/fieldset><fieldset class=\"field_comment contact_fieldset\">\r\n\t\t\t\t\t\t\t\t<textarea name=\"contact_comment\" class=\"txt_area autoclear\" placeholder=\"Message\" style=\"border-width:px\" ><\/textarea>\r\n\t\t\t\t\t\t\t<\/fieldset><fieldset class=\"contact_fieldset submit-fieldset\">\r\n\t\t\t\t\t\t\t\t<input type = \"hidden\" name = \"contact_style\" value = \"style2\"\/> \r\n\t\t\t\t\t\t\t\t<input type=\"hidden\" name=\"oshine_nonce\" value=\"68ad5bc197\" \/>\r\n\t\t\t\t\t\t\t\t<input type=\"submit\" name=\"contact_submit\" value=\"Submit\" class=\"contact_submit tatsu-button rounded smallbtn\" \/>\r\n\t\t\t\t\t\t\t\t<div class=\"contact_loader\"><div class=\"font-icon loader-style4-wrap loader-icon\"><\/div><\/div>\r\n\t\t\t\t\t\t\t<\/fieldset><div class=\"contact_status tatsu-notification\"><\/div>\r\n\t\t\t\t\t\t<\/form><style>.tatsu-fqwe685tfbecg1kn input[type=\"text\"], .tatsu-fqwe685tfbecg1kn textarea{background-color: rgba(241,241,241,1);color: rgba(83,83,83,1) ;border-color: rgba(255,255,255,1); }.tatsu-fqwe685tfbecg1kn input[type=\"text\"]{height: 45px;}.tatsu-fqwe685tfbecg1kn .contact_submit{background-color: rgba(0,0,0,1);color: #ffffff ;}<\/style>\r\n\t\t\t\t\t<\/div><\/div><\/div><div class = \"tatsu-column-bg-image-wrap\"><div class = \"tatsu-column-bg-image\" ><\/div><\/div><\/div><style>.tatsu-row > .tatsu-fqwe685tcp6j2bta.tatsu-column{width: 50%;}.tatsu-fqwe685tcp6j2bta.tatsu-column > .tatsu-column-inner > .tatsu-column-overlay{mix-blend-mode: none;}.tatsu-fqwe685tcp6j2bta > .tatsu-column-inner > .tatsu-top-divider{z-index: 9999;}.tatsu-fqwe685tcp6j2bta > .tatsu-column-inner > .tatsu-bottom-divider{z-index: 9999;}.tatsu-fqwe685tcp6j2bta > .tatsu-column-inner > .tatsu-left-divider{z-index: 9999;}.tatsu-fqwe685tcp6j2bta > .tatsu-column-inner > .tatsu-right-divider{z-index: 9999;}@media only screen and (max-width: 767px) {.tatsu-row > .tatsu-fqwe685tcp6j2bta.tatsu-column{width: 100%;}}<\/style><\/div><div  class=\"tatsu-column  tatsu-column-no-bg tatsu-one-fourth tatsu-column-image-none tatsu-column-effect-none  tatsu-fqwe685th79snclh\"  data-parallax-speed=\"0\" style=\"\"><div class=\"tatsu-column-inner \" ><div class=\"tatsu-column-pad-wrap\"><div class=\"tatsu-column-pad\" ><div  class=\"tatsu-module tatsu-text-block-wrap tatsu-fqwe685tk7g7a7e0  \"><div class=\"tatsu-text-inner tatsu-align-center  clearfix\" ><style>.tatsu-fqwe685tk7g7a7e0.tatsu-text-block-wrap .tatsu-text-inner{text-align: left;}<\/style>\n<h6>F\u00f8lg os<\/h6>\n<\/div><\/div><div  class=\"tatsu-module tatsu-normal-icon tatsu-icon-shortcode align-none tatsu-fqwe685tm15ltjw4   \"><style>.tatsu-fqwe685tm15ltjw4 .tatsu-icon{color: #a2a2a2 ;}.tatsu-fqwe685tm15ltjw4 .tatsu-icon:hover{color: #ffffff ;}.tatsu-fqwe685tm15ltjw4{border-width: 0px 0px 0px 0px;}<\/style><a href=\"https:\/\/www.facebook.com\/neksondotco\"  class=\"tatsu-icon-wrap plain     \"  aria-label=\"icon-facebook2\" data-gdpr-atts={}  target=\"_blank\" ><i class=\"tatsu-icon tatsu-custom-icon tatsu-custom-icon-class icon-facebook2 tiny plain\"><\/i><\/a><\/div><div  class=\"tatsu-module tatsu-normal-icon tatsu-icon-shortcode align-none tatsu-fqwe685tnva71e08   \"><style>.tatsu-fqwe685tnva71e08 .tatsu-icon{color: #a2a2a2 ;}.tatsu-fqwe685tnva71e08 .tatsu-icon:hover{color: #ffffff ;}.tatsu-fqwe685tnva71e08{border-width: 0px 0px 0px 0px;}<\/style><a href=\"https:\/\/twitter.com\/neksondotco\"  class=\"tatsu-icon-wrap plain     \"  aria-label=\"icon-twitter2\" data-gdpr-atts={}  target=\"_blank\" ><i class=\"tatsu-icon tatsu-custom-icon tatsu-custom-icon-class icon-twitter2 tiny plain\"><\/i><\/a><\/div><\/div><\/div><div class = \"tatsu-column-bg-image-wrap\"><div class = \"tatsu-column-bg-image\" ><\/div><\/div><\/div><style>.tatsu-row > .tatsu-fqwe685th79snclh.tatsu-column{width: 25%;}.tatsu-fqwe685th79snclh.tatsu-column > .tatsu-column-inner > .tatsu-column-overlay{mix-blend-mode: none;}.tatsu-fqwe685th79snclh > .tatsu-column-inner > .tatsu-top-divider{z-index: 9999;}.tatsu-fqwe685th79snclh > .tatsu-column-inner > .tatsu-bottom-divider{z-index: 9999;}.tatsu-fqwe685th79snclh > .tatsu-column-inner > .tatsu-left-divider{z-index: 9999;}.tatsu-fqwe685th79snclh > .tatsu-column-inner > .tatsu-right-divider{z-index: 9999;}@media only screen and (max-width: 767px) {.tatsu-row > .tatsu-fqwe685th79snclh.tatsu-column{width: 100%;}}<\/style><\/div><div  class=\"tatsu-column  tatsu-column-no-bg tatsu-column-empty tatsu-one-fourth tatsu-column-image-none tatsu-column-effect-none  tatsu-fqwe685tjmc57e54\"  data-parallax-speed=\"0\" style=\"\"><div class=\"tatsu-column-inner \" ><div class=\"tatsu-column-pad-wrap\"><div class=\"tatsu-column-pad\" ><\/div><\/div><div class = \"tatsu-column-bg-image-wrap\"><div class = \"tatsu-column-bg-image\" ><\/div><\/div><\/div><style>.tatsu-row > .tatsu-fqwe685tjmc57e54.tatsu-column{width: 25%;}.tatsu-fqwe685tjmc57e54.tatsu-column > .tatsu-column-inner > .tatsu-column-overlay{mix-blend-mode: none;}.tatsu-fqwe685tjmc57e54 > .tatsu-column-inner > .tatsu-top-divider{z-index: 9999;}.tatsu-fqwe685tjmc57e54 > .tatsu-column-inner > .tatsu-bottom-divider{z-index: 9999;}.tatsu-fqwe685tjmc57e54 > .tatsu-column-inner > .tatsu-left-divider{z-index: 9999;}.tatsu-fqwe685tjmc57e54 > .tatsu-column-inner > .tatsu-right-divider{z-index: 9999;}@media only screen and (max-width: 767px) {.tatsu-row > .tatsu-fqwe685tjmc57e54.tatsu-column{width: 100%;}}<\/style><\/div><\/div><\/div><\/div><div class=\"tatsu-section-background-wrap\"><div class = \"tatsu-section-background\" ><\/div><\/div><style>.tatsu-fqwe685tbxf9ufbh.tatsu-section{background-color: #ffffff;}.tatsu-fqwe685tbxf9ufbh{border-width: 0px 0px px 0px;border-style: solid;}.tatsu-fqwe685tbxf9ufbh .tatsu-section-pad{padding: 90px 0% 90px 0%;}.tatsu-fqwe685tbxf9ufbh > .tatsu-bottom-divider{z-index: 9999;}.tatsu-fqwe685tbxf9ufbh > .tatsu-top-divider{z-index: 9999;}@media only screen and (max-width: 767px) {.tatsu-fqwe685tbxf9ufbh .tatsu-section-pad{padding: 30px 0% 90px 0% ;}}<\/style><\/div>\n","protected":false},"excerpt":{"rendered":"<p><a href=\"https:\/\/www.nekson.co\/da\/kontakt\/\" class=\"more-link style2-button\">Read More<\/a><\/p>","protected":false},"author":1,"featured_media":0,"parent":0,"menu_order":0,"comment_status":"closed","ping_status":"closed","template":"","meta":{"footnotes":""},"class_list":["post-6359","page","type-page","status-publish","hentry"],"yoast_head":"<!-- This site is optimized with the Yoast SEO plugin v27.4 - https:\/\/yoast.com\/product\/yoast-seo-wordpress\/ -->\n<title>Kontakt - NEKSON \/ Montreal Digital | Design | Marketing Agency<\/title>\n<meta name=\"description\" content=\"Kom i kontakt med Nekson agenturet, uanset om det er via besked, e-mail eller telefon. Vi vil komme tilbage til dig p\u00e5 mindre end 24 timer!\" \/>\n<meta name=\"robots\" content=\"index, follow, max-snippet:-1, max-image-preview:large, max-video-preview:-1\" \/>\n<link rel=\"canonical\" href=\"https:\/\/www.nekson.co\/da\/kontakt\/\" \/>\n<meta property=\"og:locale\" content=\"da_DK\" \/>\n<meta property=\"og:type\" content=\"article\" \/>\n<meta property=\"og:title\" content=\"Kontakt - NEKSON \/ Montreal Digital | Design | Marketing Agency\" \/>\n<meta property=\"og:description\" content=\"Kom i kontakt med Nekson agenturet, uanset om det er via besked, e-mail eller telefon. Vi vil komme tilbage til dig p\u00e5 mindre end 24 timer!\" \/>\n<meta property=\"og:url\" content=\"https:\/\/www.nekson.co\/da\/kontakt\/\" \/>\n<meta property=\"og:site_name\" content=\"NEKSON \/ Montreal Digital | Design | Marketing Agency\" \/>\n<meta property=\"article:publisher\" content=\"https:\/\/www.facebook.com\/neksonfr\/\" \/>\n<meta property=\"article:modified_time\" content=\"2022-05-16T07:35:11+00:00\" \/>\n<meta name=\"twitter:card\" content=\"summary_large_image\" \/>\n<meta name=\"twitter:site\" content=\"@realnekson\" \/>\n<meta name=\"twitter:label1\" content=\"Estimeret l\u00e6setid\" \/>\n\t<meta name=\"twitter:data1\" content=\"11 minutter\" \/>\n<script type=\"application\/ld+json\" class=\"yoast-schema-graph\">{\"@context\":\"https:\\\/\\\/schema.org\",\"@graph\":[{\"@type\":\"WebPage\",\"@id\":\"https:\\\/\\\/www.nekson.co\\\/da\\\/kontakt\\\/\",\"url\":\"https:\\\/\\\/www.nekson.co\\\/da\\\/kontakt\\\/\",\"name\":\"Kontakt - NEKSON \\\/ Montreal Digital | Design | Marketing Agency\",\"isPartOf\":{\"@id\":\"https:\\\/\\\/www.nekson.co\\\/da\\\/#website\"},\"datePublished\":\"2018-09-26T19:58:05+00:00\",\"dateModified\":\"2022-05-16T07:35:11+00:00\",\"description\":\"Kom i kontakt med Nekson agenturet, uanset om det er via besked, e-mail eller telefon. Vi vil komme tilbage til dig p\u00e5 mindre end 24 timer!\",\"breadcrumb\":{\"@id\":\"https:\\\/\\\/www.nekson.co\\\/da\\\/kontakt\\\/#breadcrumb\"},\"inLanguage\":\"da-DK\",\"potentialAction\":[{\"@type\":\"ReadAction\",\"target\":[\"https:\\\/\\\/www.nekson.co\\\/da\\\/kontakt\\\/\"]}]},{\"@type\":\"BreadcrumbList\",\"@id\":\"https:\\\/\\\/www.nekson.co\\\/da\\\/kontakt\\\/#breadcrumb\",\"itemListElement\":[{\"@type\":\"ListItem\",\"position\":1,\"name\":\"Accueil\",\"item\":\"https:\\\/\\\/www.nekson.co\\\/da\\\/\"},{\"@type\":\"ListItem\",\"position\":2,\"name\":\"Kontakt\"}]},{\"@type\":\"WebSite\",\"@id\":\"https:\\\/\\\/www.nekson.co\\\/da\\\/#website\",\"url\":\"https:\\\/\\\/www.nekson.co\\\/da\\\/\",\"name\":\"NEKSON \\\/ Montreal Digital | Design | Marketing Agency\",\"description\":\"Best montreal design agency specialized in web, brand identity, logo and ecommerce\",\"potentialAction\":[{\"@type\":\"SearchAction\",\"target\":{\"@type\":\"EntryPoint\",\"urlTemplate\":\"https:\\\/\\\/www.nekson.co\\\/da\\\/?s={search_term_string}\"},\"query-input\":{\"@type\":\"PropertyValueSpecification\",\"valueRequired\":true,\"valueName\":\"search_term_string\"}}],\"inLanguage\":\"da-DK\"}]}<\/script>\n<!-- \/ Yoast SEO plugin. -->","yoast_head_json":{"title":"Kontakt - NEKSON \/ Montreal Digital | Design | Marketing Agency","description":"Kom i kontakt med Nekson agenturet, uanset om det er via besked, e-mail eller telefon. Vi vil komme tilbage til dig p\u00e5 mindre end 24 timer!","robots":{"index":"index","follow":"follow","max-snippet":"max-snippet:-1","max-image-preview":"max-image-preview:large","max-video-preview":"max-video-preview:-1"},"canonical":"https:\/\/www.nekson.co\/da\/kontakt\/","og_locale":"da_DK","og_type":"article","og_title":"Kontakt - NEKSON \/ Montreal Digital | Design | Marketing Agency","og_description":"Kom i kontakt med Nekson agenturet, uanset om det er via besked, e-mail eller telefon. Vi vil komme tilbage til dig p\u00e5 mindre end 24 timer!","og_url":"https:\/\/www.nekson.co\/da\/kontakt\/","og_site_name":"NEKSON \/ Montreal Digital | Design | Marketing Agency","article_publisher":"https:\/\/www.facebook.com\/neksonfr\/","article_modified_time":"2022-05-16T07:35:11+00:00","twitter_card":"summary_large_image","twitter_site":"@realnekson","twitter_misc":{"Estimeret l\u00e6setid":"11 minutter"},"schema":{"@context":"https:\/\/schema.org","@graph":[{"@type":"WebPage","@id":"https:\/\/www.nekson.co\/da\/kontakt\/","url":"https:\/\/www.nekson.co\/da\/kontakt\/","name":"Kontakt - NEKSON \/ Montreal Digital | Design | Marketing Agency","isPartOf":{"@id":"https:\/\/www.nekson.co\/da\/#website"},"datePublished":"2018-09-26T19:58:05+00:00","dateModified":"2022-05-16T07:35:11+00:00","description":"Kom i kontakt med Nekson agenturet, uanset om det er via besked, e-mail eller telefon. Vi vil komme tilbage til dig p\u00e5 mindre end 24 timer!","breadcrumb":{"@id":"https:\/\/www.nekson.co\/da\/kontakt\/#breadcrumb"},"inLanguage":"da-DK","potentialAction":[{"@type":"ReadAction","target":["https:\/\/www.nekson.co\/da\/kontakt\/"]}]},{"@type":"BreadcrumbList","@id":"https:\/\/www.nekson.co\/da\/kontakt\/#breadcrumb","itemListElement":[{"@type":"ListItem","position":1,"name":"Accueil","item":"https:\/\/www.nekson.co\/da\/"},{"@type":"ListItem","position":2,"name":"Kontakt"}]},{"@type":"WebSite","@id":"https:\/\/www.nekson.co\/da\/#website","url":"https:\/\/www.nekson.co\/da\/","name":"NEKSON \/ Montreal Digital | Design | Marketing Agency","description":"Best montreal design agency specialized in web, brand identity, logo and ecommerce","potentialAction":[{"@type":"SearchAction","target":{"@type":"EntryPoint","urlTemplate":"https:\/\/www.nekson.co\/da\/?s={search_term_string}"},"query-input":{"@type":"PropertyValueSpecification","valueRequired":true,"valueName":"search_term_string"}}],"inLanguage":"da-DK"}]}},"_links":{"self":[{"href":"https:\/\/www.nekson.co\/da\/wp-json\/wp\/v2\/pages\/6359","targetHints":{"allow":["GET"]}}],"collection":[{"href":"https:\/\/www.nekson.co\/da\/wp-json\/wp\/v2\/pages"}],"about":[{"href":"https:\/\/www.nekson.co\/da\/wp-json\/wp\/v2\/types\/page"}],"author":[{"embeddable":true,"href":"https:\/\/www.nekson.co\/da\/wp-json\/wp\/v2\/users\/1"}],"replies":[{"embeddable":true,"href":"https:\/\/www.nekson.co\/da\/wp-json\/wp\/v2\/comments?post=6359"}],"version-history":[{"count":10,"href":"https:\/\/www.nekson.co\/da\/wp-json\/wp\/v2\/pages\/6359\/revisions"}],"predecessor-version":[{"id":7789,"href":"https:\/\/www.nekson.co\/da\/wp-json\/wp\/v2\/pages\/6359\/revisions\/7789"}],"wp:attachment":[{"href":"https:\/\/www.nekson.co\/da\/wp-json\/wp\/v2\/media?parent=6359"}],"curies":[{"name":"wp","href":"https:\/\/api.w.org\/{rel}","templated":true}]}}