{"id":6345,"date":"2018-09-26T15:02:54","date_gmt":"2018-09-26T19:02:54","guid":{"rendered":"http:\/\/nekson.co\/?page_id=6345"},"modified":"2024-04-14T23:34:58","modified_gmt":"2024-04-15T03:34:58","slug":"projekter","status":"publish","type":"page","link":"https:\/\/www.nekson.co\/da\/projekter\/","title":{"rendered":"Projekter"},"content":{"rendered":"<div  class=\"tatsu-ry-FVl3vHQ tatsu-section  tatsu-bg-overlay   tatsu-clearfix\" data-title=\"\"  data-headerscheme=\"background--dark\"><div class='tatsu-section-pad clearfix' data-padding='{\"d\":\"40px 0px 40px 0px \"}' data-padding-top='40px'><div class=\"tatsu-row-wrap  tatsu-wrap tatsu-row-one-col tatsu-row-has-one-cols tatsu-medium-gutter tatsu-reg-cols  tatsu-clearfix tatsu-H1gKEx3wrX\" ><div  class=\"tatsu-row \" ><div  class=\"tatsu-column  tatsu-column-no-bg tatsu-one-col tatsu-column-image-none tatsu-column-effect-none  tatsu-rJF4g3DrX\"  data-parallax-speed=\"0\" style=\"\"><div class=\"tatsu-column-inner \" ><div class=\"tatsu-column-pad-wrap\"><div class=\"tatsu-column-pad\" ><div  class=\"tatsu-module tatsu-text-block-wrap tatsu-ByZSlhwBX  \"><div class=\"tatsu-text-inner tatsu-align-center  clearfix\" ><style>.tatsu-ByZSlhwBX.tatsu-text-block-wrap .tatsu-text-inner{width: 100%;text-align: left;}@media only screen and (max-width: 767px) {.tatsu-ByZSlhwBX.tatsu-text-block-wrap .tatsu-text-inner{width: 100%;}}<\/style>\n<h6 style=\"text-align: center;\">VORES ARBEJDE<\/h6>\n<h2 style=\"text-align: center;\"><span style=\"color: #000000;\">Vi bryder koderne for at hj\u00e6lpe dig med at n\u00e5 dine m\u00e5l<\/span><\/h2>\n<\/div><\/div><\/div><\/div><div class = \"tatsu-column-bg-image-wrap\"><div class = \"tatsu-column-bg-image\" ><\/div><\/div><\/div><style>.tatsu-row > .tatsu-rJF4g3DrX.tatsu-column{width: 100%;}.tatsu-rJF4g3DrX.tatsu-column > .tatsu-column-inner > .tatsu-column-overlay{mix-blend-mode: none;}.tatsu-rJF4g3DrX > .tatsu-column-inner > .tatsu-top-divider{z-index: 9999;}.tatsu-rJF4g3DrX > .tatsu-column-inner > .tatsu-bottom-divider{z-index: 9999;}.tatsu-rJF4g3DrX > .tatsu-column-inner > .tatsu-left-divider{z-index: 9999;}.tatsu-rJF4g3DrX > .tatsu-column-inner > .tatsu-right-divider{z-index: 9999;}<\/style><\/div><\/div><\/div><\/div><div class=\"tatsu-section-background-wrap\"><div class = \"tatsu-section-background\" ><\/div><\/div><div class=\"tatsu-overlay tatsu-section-overlay\"><\/div><style>.tatsu-ry-FVl3vHQ.tatsu-section{background-color: rgba(250,250,250,1);}.tatsu-ry-FVl3vHQ .tatsu-section-background{background-image: url(http:\/\/nekson.co\/wp-content\/uploads\/2016\/12\/illustration2.jpg);background-repeat: repeat;background-attachment: scroll;background-position: center center;background-size: cover;}.tatsu-ry-FVl3vHQ .tatsu-bg-blur{background-repeat: repeat;background-attachment: scroll;background-position: center center;background-size: cover;}.tatsu-ry-FVl3vHQ .tatsu-section-pad{padding: 40px 0px 40px 0px ;}.tatsu-ry-FVl3vHQ > .tatsu-bottom-divider{z-index: 9999;}.tatsu-ry-FVl3vHQ > .tatsu-top-divider{z-index: 9999;}.tatsu-ry-FVl3vHQ .tatsu-section-overlay{background: rgba(255,255,255,0.97);mix-blend-mode: normal;}<\/style><\/div><div  class=\"tatsu-HJbiiVo2AG tatsu-section    tatsu-clearfix\" data-title=\"\"  data-headerscheme=\"background--dark\"><div class='tatsu-section-pad clearfix' data-padding='{\"d\":\"90px 0px 0px 0px \"}' data-padding-top='90px'><div class=\"tatsu-row-wrap  tatsu-wrap tatsu-row-one-col tatsu-row-has-one-cols tatsu-medium-gutter tatsu-reg-cols  tatsu-clearfix tatsu-ByloiEihCz\" ><div  class=\"tatsu-row \" ><div  class=\"tatsu-column  tatsu-column-no-bg tatsu-one-col tatsu-column-image-none tatsu-column-effect-none  tatsu-SyoiEoh0f\"  data-parallax-speed=\"0\" style=\"\"><div class=\"tatsu-column-inner \" ><div class=\"tatsu-column-pad-wrap\"><div class=\"tatsu-column-pad\" ><div  class=\"tatsu-module tatsu-text-block-wrap tatsu-Bkqh4shAf  \"><div class=\"tatsu-text-inner tatsu-align-center  clearfix\" ><style>.tatsu-Bkqh4shAf.tatsu-text-block-wrap .tatsu-text-inner{width: 68%;text-align: left;}@media only screen and (max-width: 767px) {.tatsu-Bkqh4shAf.tatsu-text-block-wrap .tatsu-text-inner{width: 100%;}}<\/style>\n<h2 style=\"text-align: center;\">Vi tror p\u00e5 kreativiteten til at skubbe verden i den rigtige retning<\/h2>\n<\/div><\/div><\/div><\/div><div class = \"tatsu-column-bg-image-wrap\"><div class = \"tatsu-column-bg-image\" ><\/div><\/div><\/div><style>.tatsu-row > .tatsu-SyoiEoh0f.tatsu-column{width: 100%;}.tatsu-SyoiEoh0f.tatsu-column > .tatsu-column-inner > .tatsu-column-overlay{mix-blend-mode: none;}.tatsu-SyoiEoh0f > .tatsu-column-inner > .tatsu-top-divider{z-index: 9999;}.tatsu-SyoiEoh0f > .tatsu-column-inner > .tatsu-bottom-divider{z-index: 9999;}.tatsu-SyoiEoh0f > .tatsu-column-inner > .tatsu-left-divider{z-index: 9999;}.tatsu-SyoiEoh0f > .tatsu-column-inner > .tatsu-right-divider{z-index: 9999;}<\/style><\/div><\/div><\/div><\/div><div class=\"tatsu-section-background-wrap\"><div class = \"tatsu-section-background\" ><\/div><\/div><style>.tatsu-HJbiiVo2AG .tatsu-section-pad{padding: 90px 0px 0px 0px ;}.tatsu-HJbiiVo2AG > .tatsu-bottom-divider{z-index: 9999;}.tatsu-HJbiiVo2AG > .tatsu-top-divider{z-index: 9999;}<\/style><\/div><div  class=\"tatsu-frg2wfgr2f4r7ll9 tatsu-section  tatsu-section-offset   tatsu-clearfix\" data-title=\"\"  data-headerscheme=\"background--light\"><div class='tatsu-section-pad clearfix' data-padding='{\"d\":\"90px 10% 90px 10% \"}' data-padding-top='90px'><div class=\"tatsu-section-offset-wrap\"><div class=\"tatsu-row-wrap  tatsu-row-full-width tatsu-row-one-col tatsu-row-has-one-cols tatsu-medium-gutter tatsu-reg-cols  tatsu-clearfix tatsu-frg2wfgr5u7nbuvf\" ><div  class=\"tatsu-row \" ><div  class=\"tatsu-column  tatsu-column-no-bg tatsu-one-col tatsu-column-image-none tatsu-column-effect-none  tatsu-rJDdzj2AG\"  data-parallax-speed=\"0\" style=\"\"><div class=\"tatsu-column-inner \" ><div class=\"tatsu-column-pad-wrap\"><div class=\"tatsu-column-pad\" ><div  class = \"portfolio-all-wrap oshine-portfolio-module tatsu-frg2wfgrdy2y6t6n\"  > <div class=\"portfolio full-screen be-portfolio-prebuilt-hover-style3 portfolio-lazy-load full-screen-gutter masonry_disable style2-gutter two-col \"  data-action=\"get_ajax_full_screen_gutter_portfolio\" data-category=\"work-portfolio-da\" data-aspect-ratio = \"1.6\" data-enable-masonry=\"0\" data-maintain-order = \"1\" data-showposts=\"-1\" data-paged=\"2\" data-col=\"two\" data-gallery=\"0\" data-filter=\"portfolio_categories\" data-meta_to_show=\"portfolio_categories\" data-show_filters=\"no\" data-thumbnail-bg-color=\"\" data-thumbnail-bg-gradient=\"background:rgba(238,74,121,0.85)\" data-placeholder-color=\"\" data-cat-color=\"#ffffff\" data-title-color=\"#ffffff\"  data-gutter-width=\"15\" data-img-grayscale=\"c_to_c\" data-prebuilt-hover-style=\"style3\"\" data-gradient-style-color=\"background:rgba(238,74,121,0.85)\" data-cat-hide=\"1\" data-like-indicator=\"1\" style=\"margin-left: -15px;\"><div class=\"portfolio-container clickable clearfix portfolio-shortcode  none \"><div class=\"element be-hoverlay not-wide no-wide-width-height  c_to_c\"style=\"margin-bottom: 15px;\" data-category-names = \"\"><div class=\"element-inner\" style=\"margin-left: 15px;\"><a href=\"https:\/\/www.nekson.co\/da\/portfolio\/avicii\/\" class=\" thumb-wrap   \" data-gdpr-atts={} title=\"\" ><div class=\"flip-wrap\" ><div   style = \"padding-bottom : 62.5%;;\" class=\"flip-img-wrap\"><img decoding=\"async\" src=\"https:\/\/www.nekson.co\/wp-content\/uploads\/2018\/05\/003_avicii_logo-1000x625.jpg\" alt=\"avicii logo design nekson montreal agency agence\"\/><\/div><\/div><div class=\"thumb-overlay \"><div class=\"thumb-bg \" ><div class = \"thumb-shadow-wrapper\"><\/div><div style=\"background:rgba(184,65,191,0.7)\" class = \"be-thumb-overlay-wrap\"><\/div><div class=\"thumb-title-wrap \"><div class=\"thumb-title \" style=\"color:#ffffff;\">Avicii<\/div><\/div><\/div><\/div><\/a><\/div><\/div><div class=\"element be-hoverlay not-wide no-wide-width-height  c_to_c\"style=\"margin-bottom: 15px;\" data-category-names = \"\"><div class=\"element-inner\" style=\"margin-left: 15px;\"><a href=\"https:\/\/www.nekson.co\/da\/portfolio\/quoloc\/\" class=\" thumb-wrap   \" data-gdpr-atts={} title=\"\" ><div class=\"flip-wrap\" ><div   style = \"padding-bottom : 62.5%;;\" class=\"flip-img-wrap\"><img decoding=\"async\" src=\"https:\/\/www.nekson.co\/wp-content\/uploads\/2018\/05\/002_quoloc_logo-1000x625.jpg\" alt=\"quoloc logo design nekson montreal agency agence\"\/><\/div><\/div><div class=\"thumb-overlay \"><div class=\"thumb-bg \" ><div class = \"thumb-shadow-wrapper\"><\/div><div style=\"background:rgba(227,98,91,0.7)\" class = \"be-thumb-overlay-wrap\"><\/div><div class=\"thumb-title-wrap \"><div class=\"thumb-title \" style=\"color:#ffffff;\">Quoloc.com<\/div><\/div><\/div><\/div><\/a><\/div><\/div><div class=\"element be-hoverlay not-wide no-wide-width-height  c_to_c\"style=\"margin-bottom: 15px;\" data-category-names = \"\"><div class=\"element-inner\" style=\"margin-left: 15px;\"><a href=\"https:\/\/www.nekson.co\/da\/portfolio\/arias\/\" class=\" thumb-wrap   \" data-gdpr-atts={} title=\"\" ><div class=\"flip-wrap\" ><div   style = \"padding-bottom : 62.5%;;\" class=\"flip-img-wrap\"><img decoding=\"async\" src=\"https:\/\/www.nekson.co\/wp-content\/uploads\/2018\/08\/005_arias_logo-1000x625.jpg\" alt=\"arias logo design nekson montreal agency agence\"\/><\/div><\/div><div class=\"thumb-overlay \"><div class=\"thumb-bg \" ><div class = \"thumb-shadow-wrapper\"><\/div><div style=\"background:rgba(94,94,94,0.7)\" class = \"be-thumb-overlay-wrap\"><\/div><div class=\"thumb-title-wrap \"><div class=\"thumb-title \" style=\"color:#ffffff;\">Arias<\/div><\/div><\/div><\/div><\/a><\/div><\/div><div class=\"element be-hoverlay not-wide no-wide-width-height  c_to_c\"style=\"margin-bottom: 15px;\" data-category-names = \"\"><div class=\"element-inner\" style=\"margin-left: 15px;\"><a href=\"https:\/\/www.nekson.co\/da\/portfolio\/christina-skaar\/\" class=\" thumb-wrap   \" data-gdpr-atts={} title=\"\" ><div class=\"flip-wrap\" ><div   style = \"padding-bottom : 62.5%;;\" class=\"flip-img-wrap\"><img decoding=\"async\" src=\"https:\/\/www.nekson.co\/wp-content\/uploads\/2018\/08\/007_skaar_logo-1000x625.jpg\" alt=\"skaar christina logo design nekson montreal agency agence\"\/><\/div><\/div><div class=\"thumb-overlay \"><div class=\"thumb-bg \" ><div class = \"thumb-shadow-wrapper\"><\/div><div style=\"background:rgba(163,163,163,0.7)\" class = \"be-thumb-overlay-wrap\"><\/div><div class=\"thumb-title-wrap \"><div class=\"thumb-title \" style=\"color:#ffffff;\">Christina Skaar<\/div><\/div><\/div><\/div><\/a><\/div><\/div><div class=\"element be-hoverlay not-wide no-wide-width-height  c_to_c\"style=\"margin-bottom: 15px;\" data-category-names = \"\"><div class=\"element-inner\" style=\"margin-left: 15px;\"><a href=\"https:\/\/www.nekson.co\/da\/portfolio\/codeconut\/\" class=\" thumb-wrap   \" data-gdpr-atts={} title=\"\" ><div class=\"flip-wrap\" ><div   style = \"padding-bottom : 62.5%;;\" class=\"flip-img-wrap\"><img decoding=\"async\" src=\"https:\/\/www.nekson.co\/wp-content\/uploads\/2018\/08\/004_codeconut_logo-1000x625.jpg\" alt=\"codeconut logo design nekson montreal agency agence\"\/><\/div><\/div><div class=\"thumb-overlay \"><div class=\"thumb-bg \" ><div class = \"thumb-shadow-wrapper\"><\/div><div style=\"background:rgba(131,196,78,0.7)\" class = \"be-thumb-overlay-wrap\"><\/div><div class=\"thumb-title-wrap \"><div class=\"thumb-title \" style=\"color:#ffffff;\">CodeConut<\/div><\/div><\/div><\/div><\/a><\/div><\/div><div class=\"element be-hoverlay not-wide no-wide-width-height  c_to_c\"style=\"margin-bottom: 15px;\" data-category-names = \"\"><div class=\"element-inner\" style=\"margin-left: 15px;\"><a href=\"https:\/\/www.nekson.co\/da\/portfolio\/olympia\/\" class=\" thumb-wrap   \" data-gdpr-atts={} title=\"\" ><div class=\"flip-wrap\" ><div   style = \"padding-bottom : 62.5%;;\" class=\"flip-img-wrap\"><img decoding=\"async\" src=\"https:\/\/www.nekson.co\/wp-content\/uploads\/2018\/08\/006_olympia_logo-1000x625.jpg\" alt=\"olympia logo design nekson montreal agency agence\"\/><\/div><\/div><div class=\"thumb-overlay \"><div class=\"thumb-bg \" ><div class = \"thumb-shadow-wrapper\"><\/div><div style=\"background:rgba(29,113,142,0.7)\" class = \"be-thumb-overlay-wrap\"><\/div><div class=\"thumb-title-wrap \"><div class=\"thumb-title \" style=\"color:#ffffff;\">Olympia<\/div><\/div><\/div><\/div><\/a><\/div><\/div><div class=\"element be-hoverlay not-wide no-wide-width-height  c_to_c\"style=\"margin-bottom: 15px;\" data-category-names = \"\"><div class=\"element-inner\" style=\"margin-left: 15px;\"><a href=\"https:\/\/www.nekson.co\/da\/portfolio\/josianne-laflamme\/\" class=\" thumb-wrap   \" data-gdpr-atts={} title=\"\" ><div class=\"flip-wrap\" ><div   style = \"padding-bottom : 62.5%;;\" class=\"flip-img-wrap\"><img decoding=\"async\" src=\"https:\/\/www.nekson.co\/wp-content\/uploads\/2018\/08\/001_josianne_laflamme_logo-1000x625.jpg\" alt=\"josianne laflamme logo design nekson montreal agency agence\"\/><\/div><\/div><div class=\"thumb-overlay \"><div class=\"thumb-bg \" ><div class = \"thumb-shadow-wrapper\"><\/div><div style=\"background:rgba(32,32,32,0.7)\" class = \"be-thumb-overlay-wrap\"><\/div><div class=\"thumb-title-wrap \"><div class=\"thumb-title \" style=\"color:#ffffff;\">Josianne Laflamme<\/div><\/div><\/div><\/div><\/a><\/div><\/div><div class=\"element be-hoverlay not-wide no-wide-width-height  c_to_c\"style=\"margin-bottom: 15px;\" data-category-names = \"\"><div class=\"element-inner\" style=\"margin-left: 15px;\"><a href=\"https:\/\/www.nekson.co\/da\/portfolio\/loanable\/\" class=\" thumb-wrap   \" data-gdpr-atts={} title=\"\" ><div class=\"flip-wrap\" ><div   style = \"padding-bottom : 62.5%;;\" class=\"flip-img-wrap\"><img decoding=\"async\" src=\"https:\/\/www.nekson.co\/wp-content\/uploads\/2018\/08\/008_loanable_logo-1000x625.jpg\" alt=\"loanable logo design nekson montreal agency agence\"\/><\/div><\/div><div class=\"thumb-overlay \"><div class=\"thumb-bg \" ><div class = \"thumb-shadow-wrapper\"><\/div><div style=\"background:rgba(100,169,59,0.7)\" class = \"be-thumb-overlay-wrap\"><\/div><div class=\"thumb-title-wrap \"><div class=\"thumb-title \" style=\"color:#ffffff;\">Loanable<\/div><\/div><\/div><\/div><\/a><\/div><\/div><\/div><\/div><\/div><\/div><\/div><div class = \"tatsu-column-bg-image-wrap\"><div class = \"tatsu-column-bg-image\" ><\/div><\/div><\/div><style>.tatsu-row > .tatsu-rJDdzj2AG.tatsu-column{width: 100%;}.tatsu-rJDdzj2AG.tatsu-column > .tatsu-column-inner > .tatsu-column-overlay{mix-blend-mode: none;}.tatsu-rJDdzj2AG > .tatsu-column-inner > .tatsu-top-divider{z-index: 9999;}.tatsu-rJDdzj2AG > .tatsu-column-inner > .tatsu-bottom-divider{z-index: 9999;}.tatsu-rJDdzj2AG > .tatsu-column-inner > .tatsu-left-divider{z-index: 9999;}.tatsu-rJDdzj2AG > .tatsu-column-inner > .tatsu-right-divider{z-index: 9999;}<\/style><\/div><\/div><\/div><\/div><\/div><div class=\"tatsu-section-background-wrap\"><div class = \"tatsu-section-background\" ><\/div><\/div><style>.tatsu-frg2wfgr2f4r7ll9.tatsu-section{background-color: #ffffff;}.tatsu-frg2wfgr2f4r7ll9{border-width: 0px 0px px 0px;border-style: solid;}.tatsu-frg2wfgr2f4r7ll9 .tatsu-section-pad{padding: 90px 10% 90px 10% ;}.tatsu-frg2wfgr2f4r7ll9 .tatsu-section-offset-wrap{transform: translateY(-160);}.tatsu-frg2wfgr2f4r7ll9 > .tatsu-bottom-divider{z-index: 9999;}.tatsu-frg2wfgr2f4r7ll9 > .tatsu-top-divider{z-index: 9999;}<\/style><\/div><div  class=\"tatsu-frg2wfgwosbsigi6 tatsu-section  tatsu-video-section tatsu-bg-overlay   tatsu-clearfix\" data-title=\"\"  data-headerscheme=\"background--light\"><div class='tatsu-section-pad clearfix' data-padding='{\"d\":\"60px 0% 60px 0% \"}' data-padding-top='60px'><div class=\"tatsu-row-wrap  tatsu-wrap tatsu-row-one-col tatsu-row-has-one-cols tatsu-medium-gutter tatsu-reg-cols  tatsu-clearfix tatsu-frg2wfgwt389v7h\" ><div  class=\"tatsu-row \" ><div  class=\"tatsu-column  tatsu-column-no-bg tatsu-one-col tatsu-column-image-none tatsu-column-effect-none  tatsu-frg2wfgwx1aeqyay\"  data-parallax-speed=\"0\" style=\"\"><div class=\"tatsu-column-inner \" ><div class=\"tatsu-column-pad-wrap\"><div class=\"tatsu-column-pad\" ><div  class=\"tatsu-module tatsu-text-block-wrap tatsu-Hk51LjnRz  \"><div class=\"tatsu-text-inner tatsu-align-center  clearfix\" ><style>.tatsu-Hk51LjnRz.tatsu-text-block-wrap .tatsu-text-inner{width: 100%;text-align: left;}@media only screen and (max-width: 767px) {.tatsu-Hk51LjnRz.tatsu-text-block-wrap .tatsu-text-inner{width: 100%;}}<\/style>\n<h4 style=\"text-align: center;\"><span style=\"color: #ffffff;\">Har du et projekt?<br \/>Vil du tale om det?<\/span><\/h4>\n<\/div><\/div><div  class=\"tatsu-module tatsu-normal-button tatsu-button-wrap align-block block-center  tatsu-frg2wfgx0obp0axc   \"><a class=\"tatsu-shortcode smallbtn tatsu-button right-icon circular   bg-animation-slide-bottom  \" href=\"\/da\/kontakt\" style= \"background-image: linear-gradient(to bottom, rgba(255,255,255,1) 50%, rgba(255,153,0,1) 50%);\"  aria-label=\"Kom i kontakt\" data-gdpr-atts={} >Kom i kontakt<\/a><style>.tatsu-frg2wfgx0obp0axc .tatsu-button{color: rgba(0,0,0,1) ;border-width: 1px;border-color: #ffffff; }.tatsu-frg2wfgx0obp0axc .tatsu-button:hover{color: #ffffff ;border-color: rgba(255,153,0,1); }<\/style><\/div><\/div><\/div><div class = \"tatsu-column-bg-image-wrap\"><div class = \"tatsu-column-bg-image\" ><\/div><\/div><\/div><style>.tatsu-row > .tatsu-frg2wfgwx1aeqyay.tatsu-column{width: 100%;}.tatsu-frg2wfgwx1aeqyay.tatsu-column > .tatsu-column-inner > .tatsu-column-overlay{mix-blend-mode: none;}.tatsu-frg2wfgwx1aeqyay > .tatsu-column-inner > .tatsu-top-divider{z-index: 9999;}.tatsu-frg2wfgwx1aeqyay > .tatsu-column-inner > .tatsu-bottom-divider{z-index: 9999;}.tatsu-frg2wfgwx1aeqyay > .tatsu-column-inner > .tatsu-left-divider{z-index: 9999;}.tatsu-frg2wfgwx1aeqyay > .tatsu-column-inner > .tatsu-right-divider{z-index: 9999;}<\/style><\/div><\/div><\/div><\/div><div class=\"tatsu-section-background-wrap\"><div class = \"tatsu-section-background\" ><\/div><\/div><video class=\"tatsu-bg-video\" autoplay=\"autoplay\" loop=\"loop\" muted=\"muted\" preload=\"auto\" playsinline webkit-playsinline><source src=\"https:\/\/nekson.co\/wp-content\/uploads\/2018\/06\/nekson-montreal-logo-digital-web-agency.mp4\" type=\"video\/mp4\"><\/video><div class=\"tatsu-overlay tatsu-section-overlay\"><\/div><style>.tatsu-frg2wfgwosbsigi6.tatsu-section{background-color: #393939;}.tatsu-frg2wfgwosbsigi6 .tatsu-section-background{background-image: url(http:\/\/nekson.co\/wp-content\/uploads\/2019\/04\/background-mobile-agence-digitale-digital-logo-montreal.jpg);background-repeat: no-repeat;background-attachment: fixed;background-position: center right;background-size: cover;}.tatsu-frg2wfgwosbsigi6 .tatsu-bg-blur{background-repeat: no-repeat;background-attachment: fixed;background-position: center right;background-size: cover;}.tatsu-frg2wfgwosbsigi6{border-width: 0px 0px px 0px;border-style: solid;}.tatsu-frg2wfgwosbsigi6 .tatsu-section-pad{padding: 60px 0% 60px 0% ;}.tatsu-frg2wfgwosbsigi6 > .tatsu-bottom-divider{z-index: 9999;}.tatsu-frg2wfgwosbsigi6 > .tatsu-top-divider{z-index: 9999;}.tatsu-frg2wfgwosbsigi6 .tatsu-section-overlay{background: linear-gradient(45deg, rgba(245,166,35,0.6) 0%, rgba(144,19,254,0.6) 100%);mix-blend-mode: normal;}<\/style><\/div>\n","protected":false},"excerpt":{"rendered":"<p><a href=\"https:\/\/www.nekson.co\/da\/portfolio\/loanable\/\" class=\"more-link style2-button\">Read More<\/a><\/p>","protected":false},"author":1,"featured_media":0,"parent":0,"menu_order":0,"comment_status":"closed","ping_status":"closed","template":"","meta":{"footnotes":""},"class_list":["post-6345","page","type-page","status-publish","hentry"],"yoast_head":"<!-- This site is optimized with the Yoast SEO plugin v27.4 - https:\/\/yoast.com\/product\/yoast-seo-wordpress\/ -->\n<title>Projekter - NEKSON \/ Montreal Digital | Design | Marketing Agency<\/title>\n<meta name=\"description\" content=\"L\u00e6r mere om de forskellige design-, web- og marketingarbejde, vi har haft heldige at skabe for vores fantastiske kunder over hele verden!\" \/>\n<meta name=\"robots\" content=\"index, follow, max-snippet:-1, max-image-preview:large, max-video-preview:-1\" \/>\n<link rel=\"canonical\" href=\"https:\/\/www.nekson.co\/da\/projekter\/\" \/>\n<meta property=\"og:locale\" content=\"da_DK\" \/>\n<meta property=\"og:type\" content=\"article\" \/>\n<meta property=\"og:title\" content=\"Projekter - NEKSON \/ Montreal Digital | Design | Marketing Agency\" \/>\n<meta property=\"og:description\" content=\"L\u00e6r mere om de forskellige design-, web- og marketingarbejde, vi har haft heldige at skabe for vores fantastiske kunder over hele verden!\" \/>\n<meta property=\"og:url\" content=\"https:\/\/www.nekson.co\/da\/projekter\/\" \/>\n<meta property=\"og:site_name\" content=\"NEKSON \/ Montreal Digital | Design | Marketing Agency\" \/>\n<meta property=\"article:publisher\" content=\"https:\/\/www.facebook.com\/neksonfr\/\" \/>\n<meta property=\"article:modified_time\" content=\"2024-04-15T03:34:58+00:00\" \/>\n<meta name=\"twitter:card\" content=\"summary_large_image\" \/>\n<meta name=\"twitter:site\" content=\"@realnekson\" \/>\n<meta name=\"twitter:label1\" content=\"Estimeret l\u00e6setid\" \/>\n\t<meta name=\"twitter:data1\" content=\"14 minutter\" \/>\n<script type=\"application\/ld+json\" class=\"yoast-schema-graph\">{\"@context\":\"https:\\\/\\\/schema.org\",\"@graph\":[{\"@type\":\"WebPage\",\"@id\":\"https:\\\/\\\/www.nekson.co\\\/da\\\/projekter\\\/\",\"url\":\"https:\\\/\\\/www.nekson.co\\\/da\\\/projekter\\\/\",\"name\":\"Projekter - NEKSON \\\/ Montreal Digital | Design | Marketing Agency\",\"isPartOf\":{\"@id\":\"https:\\\/\\\/www.nekson.co\\\/da\\\/#website\"},\"datePublished\":\"2018-09-26T19:02:54+00:00\",\"dateModified\":\"2024-04-15T03:34:58+00:00\",\"description\":\"L\u00e6r mere om de forskellige design-, web- og marketingarbejde, vi har haft heldige at skabe for vores fantastiske kunder over hele verden!\",\"breadcrumb\":{\"@id\":\"https:\\\/\\\/www.nekson.co\\\/da\\\/projekter\\\/#breadcrumb\"},\"inLanguage\":\"da-DK\",\"potentialAction\":[{\"@type\":\"ReadAction\",\"target\":[\"https:\\\/\\\/www.nekson.co\\\/da\\\/projekter\\\/\"]}]},{\"@type\":\"BreadcrumbList\",\"@id\":\"https:\\\/\\\/www.nekson.co\\\/da\\\/projekter\\\/#breadcrumb\",\"itemListElement\":[{\"@type\":\"ListItem\",\"position\":1,\"name\":\"Accueil\",\"item\":\"https:\\\/\\\/www.nekson.co\\\/da\\\/\"},{\"@type\":\"ListItem\",\"position\":2,\"name\":\"Projekter\"}]},{\"@type\":\"WebSite\",\"@id\":\"https:\\\/\\\/www.nekson.co\\\/da\\\/#website\",\"url\":\"https:\\\/\\\/www.nekson.co\\\/da\\\/\",\"name\":\"NEKSON \\\/ Montreal Digital | Design | Marketing Agency\",\"description\":\"Best montreal design agency specialized in web, brand identity, logo and ecommerce\",\"potentialAction\":[{\"@type\":\"SearchAction\",\"target\":{\"@type\":\"EntryPoint\",\"urlTemplate\":\"https:\\\/\\\/www.nekson.co\\\/da\\\/?s={search_term_string}\"},\"query-input\":{\"@type\":\"PropertyValueSpecification\",\"valueRequired\":true,\"valueName\":\"search_term_string\"}}],\"inLanguage\":\"da-DK\"}]}<\/script>\n<!-- \/ Yoast SEO plugin. -->","yoast_head_json":{"title":"Projekter - NEKSON \/ Montreal Digital | Design | Marketing Agency","description":"L\u00e6r mere om de forskellige design-, web- og marketingarbejde, vi har haft heldige at skabe for vores fantastiske kunder over hele verden!","robots":{"index":"index","follow":"follow","max-snippet":"max-snippet:-1","max-image-preview":"max-image-preview:large","max-video-preview":"max-video-preview:-1"},"canonical":"https:\/\/www.nekson.co\/da\/projekter\/","og_locale":"da_DK","og_type":"article","og_title":"Projekter - NEKSON \/ Montreal Digital | Design | Marketing Agency","og_description":"L\u00e6r mere om de forskellige design-, web- og marketingarbejde, vi har haft heldige at skabe for vores fantastiske kunder over hele verden!","og_url":"https:\/\/www.nekson.co\/da\/projekter\/","og_site_name":"NEKSON \/ Montreal Digital | Design | Marketing Agency","article_publisher":"https:\/\/www.facebook.com\/neksonfr\/","article_modified_time":"2024-04-15T03:34:58+00:00","twitter_card":"summary_large_image","twitter_site":"@realnekson","twitter_misc":{"Estimeret l\u00e6setid":"14 minutter"},"schema":{"@context":"https:\/\/schema.org","@graph":[{"@type":"WebPage","@id":"https:\/\/www.nekson.co\/da\/projekter\/","url":"https:\/\/www.nekson.co\/da\/projekter\/","name":"Projekter - NEKSON \/ Montreal Digital | Design | Marketing Agency","isPartOf":{"@id":"https:\/\/www.nekson.co\/da\/#website"},"datePublished":"2018-09-26T19:02:54+00:00","dateModified":"2024-04-15T03:34:58+00:00","description":"L\u00e6r mere om de forskellige design-, web- og marketingarbejde, vi har haft heldige at skabe for vores fantastiske kunder over hele verden!","breadcrumb":{"@id":"https:\/\/www.nekson.co\/da\/projekter\/#breadcrumb"},"inLanguage":"da-DK","potentialAction":[{"@type":"ReadAction","target":["https:\/\/www.nekson.co\/da\/projekter\/"]}]},{"@type":"BreadcrumbList","@id":"https:\/\/www.nekson.co\/da\/projekter\/#breadcrumb","itemListElement":[{"@type":"ListItem","position":1,"name":"Accueil","item":"https:\/\/www.nekson.co\/da\/"},{"@type":"ListItem","position":2,"name":"Projekter"}]},{"@type":"WebSite","@id":"https:\/\/www.nekson.co\/da\/#website","url":"https:\/\/www.nekson.co\/da\/","name":"NEKSON \/ Montreal Digital | Design | Marketing Agency","description":"Best montreal design agency specialized in web, brand identity, logo and ecommerce","potentialAction":[{"@type":"SearchAction","target":{"@type":"EntryPoint","urlTemplate":"https:\/\/www.nekson.co\/da\/?s={search_term_string}"},"query-input":{"@type":"PropertyValueSpecification","valueRequired":true,"valueName":"search_term_string"}}],"inLanguage":"da-DK"}]}},"_links":{"self":[{"href":"https:\/\/www.nekson.co\/da\/wp-json\/wp\/v2\/pages\/6345","targetHints":{"allow":["GET"]}}],"collection":[{"href":"https:\/\/www.nekson.co\/da\/wp-json\/wp\/v2\/pages"}],"about":[{"href":"https:\/\/www.nekson.co\/da\/wp-json\/wp\/v2\/types\/page"}],"author":[{"embeddable":true,"href":"https:\/\/www.nekson.co\/da\/wp-json\/wp\/v2\/users\/1"}],"replies":[{"embeddable":true,"href":"https:\/\/www.nekson.co\/da\/wp-json\/wp\/v2\/comments?post=6345"}],"version-history":[{"count":9,"href":"https:\/\/www.nekson.co\/da\/wp-json\/wp\/v2\/pages\/6345\/revisions"}],"predecessor-version":[{"id":7889,"href":"https:\/\/www.nekson.co\/da\/wp-json\/wp\/v2\/pages\/6345\/revisions\/7889"}],"wp:attachment":[{"href":"https:\/\/www.nekson.co\/da\/wp-json\/wp\/v2\/media?parent=6345"}],"curies":[{"name":"wp","href":"https:\/\/api.w.org\/{rel}","templated":true}]}}